{"id":1904,"date":"2024-09-04T11:21:04","date_gmt":"2024-09-04T09:21:04","guid":{"rendered":"https:\/\/online-apo-test.umana.ch\/?page_id=1904"},"modified":"2025-02-03T11:03:37","modified_gmt":"2025-02-03T10:03:37","slug":"probons","status":"publish","type":"page","link":"https:\/\/online-apo-test.umana.ch\/fr\/probons\/","title":{"rendered":"Collectez des ProBon et profitez doublement chez online-apo!"},"content":{"rendered":"<div id=\"gspb_text-id-gsbp-1dbb5f9\" class=\"gspb_text gspb_text-id-gsbp-1dbb5f9\">Profitez de notre programme de fid\u00e9lit\u00e9 et collectez des probons \u00e0 chaque commande dans la boutique en ligne de online-apo! Pour chaque achat de plus de CHF 10.-, vous recevez 1 probon. Vous commandez des m\u00e9dicaments sur ordonnance? Dans ce cas, nous doublons votre avantage: vous collectez 2 probon par commande! D\u00e9couvrez comment transformer vos achats en pr\u00e9cieux points de fid\u00e9lit\u00e9 et obtenir de nombreuses r\u00e9compenses attractives.<\/div>\n\n\n\n<h2 id=\"gspb_heading-id-gsbp-3de8c66\" class=\"gspb_heading gspb_heading-id-gsbp-3de8c66\">Comment collecter des probons chez online-apo?<\/h2>\n\n\n\n<div id=\"gspb_text-id-gsbp-913fa73\" class=\"gspb_text gspb_text-id-gsbp-913fa73\">Collecter des probons est un jeu d'enfant:<\/div>\n\n\n\n<ol>\n<li><strong>Faire des achats dans la boutique en ligne<\/strong><\/li>\n\n\n\n<div id=\"gspb_text-id-gsbp-7be31df\" class=\"gspb_text gspb_text-id-gsbp-7be31df\">Pour chaque commande de plus de CHF 10.-, vous recevez 1 probon. Que ce soit pour vos produits de sant\u00e9 du quotidien ou vos cosm\u00e9tiques pr\u00e9f\u00e9r\u00e9s, collecter des probons en vaut la peine.<\/div>\n\n\n\n<li><strong>Commande de renouvellement de m\u00e9dicaments sur ordonnance<\/strong><\/li>\n\n\n\n<div id=\"gspb_text-id-gsbp-49814cd\" class=\"gspb_text gspb_text-id-gsbp-49814cd\">Lors de la commande de renouvellement de vos m\u00e9dicaments sur ordonnance, nous r\u00e9compensons votre fid\u00e9lit\u00e9 au double : vous recevez 2 probons par commande de renouvellement. Ainsi, vous b\u00e9n\u00e9ficiez non seulement d'une livraison rapide et fiable, mais aussi de points de r\u00e9compense suppl\u00e9mentaires.<\/div>\n<\/ol>\n\n\n\n<h2 id=\"gspb_heading-id-gsbp-d494671\" class=\"gspb_heading gspb_heading-id-gsbp-d494671\">Vos avantages en un coup d'\u0153il<\/h2>\n\n\n\n<div class=\"wp-block-greenshift-blocks-container gspb_container gspb_container-gsbp-0b83a11\" id=\"gspb_container-id-gsbp-0b83a11\">\n<div id=\"gspb_text-id-gsbp-e860c3b\" class=\"gspb_text gspb_text-id-gsbp-e860c3b\"><strong>R\u00e9compenses attrayantes:<\/strong> \u00c9changez vos probons collect\u00e9s dans plus de 1000 commerces sp\u00e9cialis\u00e9s \u00e0 travers la Suisse et obtenez de l'argent liquide ou des produits pr\u00e9cieux.<\/div>\n\n\n\n<div id=\"gspb_text-id-gsbp-e8a5d0a\" class=\"gspb_text gspb_text-id-gsbp-e8a5d0a\"><strong>Simple et flexible:<\/strong> Collectez des probons facilement lors de vos achats dans la boutique en ligne ou lors de vos commandes de renouvellement, puis collez-les directement sur votre carte de collecte.<\/div>\n\n\n\n<div id=\"gspb_text-id-gsbp-cd06a4f\" class=\"gspb_text gspb_text-id-gsbp-cd06a4f\"><strong>Soutenez le commerce sp\u00e9cialis\u00e9 suisse:<\/strong> Pour chaque \u00e9change de probons, vous soutenez le commerce local et les entreprises suisses.<\/div>\n<\/div>\n\n\n\n<div class=\"wp-block-greenshift-blocks-image gspb_image gspb_image-id-gsbp-56e1aa2\" id=\"gspb_image-id-gsbp-56e1aa2\"><img decoding=\"async\" src=\"https:\/\/online-apo-test.umana.ch\/wp-content\/uploads\/2024\/10\/image.jpeg\" data-src=\"\" alt=\"\" loading=\"lazy\" width=\"1440\" height=\"730\"\/><\/div>\n\n\n\n<h2 id=\"gspb_heading-id-gsbp-44b79f5\" class=\"gspb_heading gspb_heading-id-gsbp-44b79f5\">Voici comment \u00e9changer votre carte de collecte des probons.<\/h2>\n\n\n\n<div id=\"gspb_text-id-gsbp-3ddd399\" class=\"gspb_text gspb_text-id-gsbp-3ddd399\">D\u00e8s que vous avez collect\u00e9 44 marques probons, vous pouvez \u00e9changer votre carte de collecte compl\u00e8te dans n'importe quel magasin probons ou chez online-apo et recevoir CHF 10.- en esp\u00e8ces ! Visitez le <a href=\"https:\/\/www.probon.ch\/clientele\/?lang=fr\">site de probons<\/a> pour voir quels magasins pr\u00e8s de chez vous acceptent les probons.<\/div>\n\n\n\n<h2 id=\"gspb_heading-id-gsbp-b93d377\" class=\"gspb_heading gspb_heading-id-gsbp-b93d377\">Vous avez des questions?<\/h2>\n\n\n\n<div id=\"gspb_text-id-gsbp-c7f9a61\" class=\"gspb_text gspb_text-id-gsbp-c7f9a61\">Si vous avez encore des questions sur notre programme de fid\u00e9lit\u00e9 ou si vous souhaitez savoir comment utiliser au mieux vos probons, contactez notre \u00e9quipe du service client ! Nous serons ravis de vous aider.<\/div>\n\n\n\n<div class=\"wp-block-greenshift-blocks-container gspb_container gspb_container-gsbp-7f87df2\" id=\"gspb_container-id-gsbp-7f87df2\">\n<div id=\"gspb_text-id-gsbp-9defd7f\" class=\"gspb_text gspb_text-id-gsbp-9defd7f\"><strong>Faites vos achats d\u00e8s maintenant chez online-apo et collectez des probons!<\/strong><\/div>\n\n\n\n<div id=\"gspb_text-id-gsbp-425a66f\" class=\"gspb_text gspb_text-id-gsbp-425a66f\">Inscrivez-vous dans la boutique en ligne et commencez tout de suite avec votre prochaine commande. Votre fid\u00e9lit\u00e9 est r\u00e9compens\u00e9e \u2013 avec des probons!<\/div>\n\n\n\n<div class=\"wp-block-greenshift-blocks-container gspb_container gspb_container-gsbp-0501c74\" id=\"gspb_container-id-gsbp-0501c74\">\n<div class=\"gspb_button_wrapper gspb_button-id-gsbp-520cab0\" id=\"gspb_button-id-gsbp-520cab0\"><a class=\"wp-block-greenshift-blocks-buttonbox gspb-buttonbox wp-element-button\" href=\"https:\/\/online-apo-test.umana.ch\/fr\/mein-konto\/\" rel=\"noopener\"><span class=\"gspb-buttonbox-textwrap\"><span class=\"gspb-buttonbox-text\"><span class=\"gspb-buttonbox-title\">Identifiant<\/span><\/span><\/span><\/a><\/div>\n\n\n\n<div class=\"gspb_button_wrapper gspb_button-id-gsbp-1fdaa00\" id=\"gspb_button-id-gsbp-1fdaa00\"><a class=\"wp-block-greenshift-blocks-buttonbox gspb-buttonbox wp-element-button\" href=\"https:\/\/www.probon.ch\/?lang=fr\" rel=\"noopener\"><span class=\"gspb-buttonbox-textwrap\"><span class=\"gspb-buttonbox-text\"><span class=\"gspb-buttonbox-title\">En savoir plus sur probons<\/span><\/span><\/span><\/a><\/div>\n<\/div>\n<\/div>\n\n\n\n<p><\/p>","protected":false},"excerpt":{"rendered":"","protected":false},"author":1678,"featured_media":0,"parent":0,"menu_order":0,"comment_status":"closed","ping_status":"closed","template":"","meta":{"_acf_changed":false,"_gspb_post_css":".gspb_text-id-gsbp-49814cd,.gspb_text-id-gsbp-7be31df{margin-top:0!important}.gspb_container-id-gsbp-0b83a11{flex-direction:column;box-sizing:border-box}#gspb_container-id-gsbp-0501c74.gspb_container>p:last-of-type,#gspb_container-id-gsbp-0b83a11.gspb_container>p:last-of-type,#gspb_container-id-gsbp-7f87df2.gspb_container>p:last-of-type{margin-bottom:0}#gspb_container-id-gsbp-0b83a11.gspb_container{position:relative;display:flex;flex-direction:row;justify-content:space-between;row-gap:25px;column-gap:25px}@media (max-width:991.98px){#gspb_container-id-gsbp-0b83a11.gspb_container{flex-direction:column}}#gspb_image-id-gsbp-56e1aa2 img,.gspb_text-id-gsbp-cd06a4f,.gspb_text-id-gsbp-e860c3b,.gspb_text-id-gsbp-e8a5d0a{border-top-left-radius:20px;border-top-right-radius:20px;border-bottom-right-radius:20px;border-bottom-left-radius:20px}.gspb_text-id-gsbp-cd06a4f,.gspb_text-id-gsbp-e860c3b,.gspb_text-id-gsbp-e8a5d0a{padding:30px!important;background-color:var(--wp--preset--color--palette-color-7, var(--theme-palette-color-7, #F3FAF2));flex:1}#gspb_image-id-gsbp-56e1aa2 img{vertical-align:top;display:inline-block;box-sizing:border-box;max-width:100%;height:auto}.gspb_text-id-gsbp-3ddd399,.gspb_text-id-gsbp-c7f9a61{margin-bottom:0!important}.gspb_container-id-gsbp-7f87df2{flex-direction:column;box-sizing:border-box}#gspb_container-id-gsbp-7f87df2.gspb_container{position:relative;display:flex;flex-direction:column;align-items:stretch;column-gap:15px;padding:30px;background-color:var(--wp--preset--color--palette-color-7, var(--theme-palette-color-7, #F3FAF2))}body.gspb-bodyfront #gspb_container-id-gsbp-7f87df2.gspb_container{margin-top:60px}#gspb_container-id-gsbp-7f87df2.gspb_container,#gspb_container-id-gsbp-7f87df2.gspb_container>.gspb_backgroundOverlay{border-top-left-radius:20px;border-top-right-radius:20px;border-bottom-right-radius:20px;border-bottom-left-radius:20px}.gspb_text-id-gsbp-9defd7f{font-size:25px}.gspb_container-id-gsbp-0501c74{flex-direction:column;box-sizing:border-box}#gspb_container-id-gsbp-0501c74.gspb_container{position:relative;display:flex;column-gap:15px;margin-top:20px}#gspb_button-id-gsbp-1fdaa00,#gspb_button-id-gsbp-520cab0{display:flex;justify-content:flex-start}#gspb_button-id-gsbp-520cab0 .gspb-buttonbox-text{display:flex;flex-direction:column}#gspb_button-id-gsbp-520cab0>.gspb-buttonbox{box-sizing:border-box}#gspb_button-id-gsbp-1fdaa00 .gspb-buttonbox-text{display:flex;flex-direction:column}#gspb_button-id-gsbp-1fdaa00>.gspb-buttonbox{box-sizing:border-box}","footnotes":""},"class_list":["post-1904","page","type-page","status-publish","hentry"],"blocksy_meta":[],"acf":[],"_links":{"self":[{"href":"https:\/\/online-apo-test.umana.ch\/fr\/wp-json\/wp\/v2\/pages\/1904","targetHints":{"allow":["GET"]}}],"collection":[{"href":"https:\/\/online-apo-test.umana.ch\/fr\/wp-json\/wp\/v2\/pages"}],"about":[{"href":"https:\/\/online-apo-test.umana.ch\/fr\/wp-json\/wp\/v2\/types\/page"}],"author":[{"embeddable":true,"href":"https:\/\/online-apo-test.umana.ch\/fr\/wp-json\/wp\/v2\/users\/1678"}],"replies":[{"embeddable":true,"href":"https:\/\/online-apo-test.umana.ch\/fr\/wp-json\/wp\/v2\/comments?post=1904"}],"version-history":[{"count":21,"href":"https:\/\/online-apo-test.umana.ch\/fr\/wp-json\/wp\/v2\/pages\/1904\/revisions"}],"predecessor-version":[{"id":138940,"href":"https:\/\/online-apo-test.umana.ch\/fr\/wp-json\/wp\/v2\/pages\/1904\/revisions\/138940"}],"wp:attachment":[{"href":"https:\/\/online-apo-test.umana.ch\/fr\/wp-json\/wp\/v2\/media?parent=1904"}],"curies":[{"name":"wp","href":"https:\/\/api.w.org\/{rel}","templated":true}]}}