{"id":2841,"date":"2024-10-28T09:55:54","date_gmt":"2024-10-28T08:55:54","guid":{"rendered":"https:\/\/online-apo-test.umana.ch\/?page_id=2841"},"modified":"2025-02-03T11:01:08","modified_gmt":"2025-02-03T10:01:08","slug":"abgabekategorien","status":"publish","type":"page","link":"https:\/\/online-apo-test.umana.ch\/fr\/abgabekategorien\/","title":{"rendered":"Cat\u00e9gories de distribution"},"content":{"rendered":"<h2 id=\"gspb_heading-id-gsbp-06fb4e9\" class=\"gspb_heading gspb_heading-id-gsbp-06fb4e9\"><strong>Informations sur nos cat\u00e9gories de m\u00e9dicaments et leur disponibilit\u00e9 dans la boutique en ligne<\/strong><\/h2>\n\n\n\n<p>Dans notre boutique en ligne online-apo, nous proposons une large gamme de m\u00e9dicaments et de produits de sant\u00e9. Nous faisons la distinction entre les produits en vente libre et les m\u00e9dicaments sur ordonnance. En raison de r\u00e9glementations l\u00e9gales, tous les produits qui sont en principe disponibles sans ordonnance ne le sont pas dans la boutique en ligne. Nous souhaitons expliquer ici les raisons de cette situation.<\/p>\n\n\n\n<p><\/p>\n\n\n\n<h2 id=\"gspb_heading-id-gsbp-16831c9\" class=\"gspb_heading gspb_heading-id-gsbp-16831c9\">Cat\u00e9gories de remise de m\u00e9dicaments<\/h2>\n\n\n\n<p>En Suisse, les m\u00e9dicaments sont class\u00e9s en diff\u00e9rentes cat\u00e9gories de remise. Cette classification se base sur le risque d'autom\u00e9dication et la n\u00e9cessit\u00e9 d'un conseil professionnel. Les principales cat\u00e9gories sont les suivantes:<\/p>\n\n\n\n<div class=\"wp-block-greenshift-blocks-container gspb_container gspb_container-gsbp-99c2e2d\" id=\"gspb_container-id-gsbp-99c2e2d\">\n<div class=\"wp-block-greenshift-blocks-container gspb_container gspb_container-gsbp-9db88d6\" id=\"gspb_container-id-gsbp-9db88d6\">\n<h3 id=\"gspb_heading-id-gsbp-2024654\" class=\"gspb_heading gspb_heading-id-gsbp-2024654\">Sur ordonnance<\/h3>\n\n\n\n<p class=\"translation-block\"><strong>Cat\u00e9gorie de remise A:<\/strong> M\u00e9dicaments soumis \u00e0 prescription m\u00e9dicale qui ne peuvent \u00eatre remis qu'une seule fois sur ordonnance m\u00e9dicale (p. ex. antibiotiques).<\/p>\n\n\n\n<p class=\"translation-block\"><strong>Cat\u00e9gorie de remise B:<\/strong> M\u00e9dicaments soumis \u00e0 prescription m\u00e9dicale qui peuvent \u00eatre obtenus de mani\u00e8re r\u00e9p\u00e9t\u00e9e sur ordonnance m\u00e9dicale (p. ex. antihypertenseurs).<\/p>\n\n\n\n<p class=\"translation-block\"><strong>Cat\u00e9gorie de d\u00e9livrance D:<\/strong> M\u00e9dicaments non soumis \u00e0 prescription qui n\u00e9cessitent l'avis d'un professionnel de la sant\u00e9 (par exemple, certains analg\u00e9siques comme le parac\u00e9tamol, l'aspirine).<\/p>\n<\/div>\n\n\n\n<div class=\"wp-block-greenshift-blocks-container gspb_container gspb_container-gsbp-95bf95b\" id=\"gspb_container-id-gsbp-95bf95b\">\n<h3 id=\"gspb_heading-id-gsbp-96797f0\" class=\"gspb_heading gspb_heading-id-gsbp-96797f0\">En vente libre<\/h3>\n\n\n\n<p class=\"translation-block\"><strong>Cat\u00e9gorie de remise E:<\/strong> M\u00e9dicaments en vente libre qui peuvent \u00eatre remis sans ordonnance et sans conseil (p. ex. pr\u00e9parations vitamin\u00e9es).<\/p>\n<\/div>\n<\/div>\n\n\n\n<h2 id=\"gspb_heading-id-gsbp-a706e80\" class=\"gspb_heading gspb_heading-id-gsbp-a706e80\">Disponibilit\u00e9 des cat\u00e9gories dans notre boutique en ligne<\/h2>\n\n\n\n<ul class=\"wp-block-list\">\n<li class=\"translation-block\"><strong>Secteur boutique:<\/strong> Vous trouverez ici exclusivement des produits de la cat\u00e9gorie de remise E. Ces produits peuvent \u00eatre propos\u00e9s et envoy\u00e9s en ligne sans conseil ni ordonnance. Les compl\u00e9ments alimentaires tels que les comprim\u00e9s de vitamine C ou les pr\u00e9parations \u00e0 base de plantes sont des exemples typiques de produits de cat\u00e9gorie E. Les produits de cat\u00e9gorie E ne sont pas autoris\u00e9s en vente libre.<\/li>\n\n\n\n<li><strong>Rezept-Bereich:<\/strong> Dans cette rubrique, nous proposons des m\u00e9dicaments des cat\u00e9gories de remise A, B et D. Ceux-ci ne peuvent vous \u00eatre envoy\u00e9s qu'apr\u00e8s pr\u00e9sentation de l'ordonnance originale. Veuillez noter que le domaine des ordonnances ne sera disponible qu'\u00e0 partir de f\u00e9vrier 2025.<\/li>\n<\/ul>\n\n\n\n<h2 id=\"gspb_heading-id-gsbp-2c03e62\" class=\"gspb_heading gspb_heading-id-gsbp-2c03e62\">Pourquoi aucun produit de cat\u00e9gorie D n'est-il disponible dans la boutique?<\/h2>\n\n\n\n<p>De nombreux clients trouvent d\u00e9routant que certains produits de la cat\u00e9gorie de remise D, qui sont en principe disponibles sans ordonnance, ne soient pas affich\u00e9s dans la boutique en ligne. Cela s'explique par les dispositions l\u00e9gales:<\/p>\n\n\n\n<p>Les produits de la cat\u00e9gorie de remise D ne peuvent \u00eatre remis que sur place, dans des pharmacies ou des drogueries, apr\u00e8s un conseil personnalis\u00e9. Une simple vente en ligne sans interaction personnelle n'est pas autoris\u00e9e dans ce cas. Cela concerne par exemple certains analg\u00e9siques, pr\u00e9parations contre le rhume ou rem\u00e8des \u00e0 base de plantes, qui n\u00e9cessitent un certain conseil.<\/p>","protected":false},"excerpt":{"rendered":"<p>In unserem Webshop online-apo bieten wir eine breite Palette an Medikamenten und Gesundheitsprodukten an. Dabei unterscheiden wir zwischen frei verk\u00e4uflichen Produkten und verschreibungspflichtigen Medikamenten. Aufgrund gesetzlicher Regelungen sind nicht alle Produkte, die grunds\u00e4tzlich rezeptfrei erh\u00e4ltlich sind, auch im Webshop verf\u00fcgbar. Hier m\u00f6chten wir die Hintergr\u00fcnde erkl\u00e4ren. In der Schweiz werden Medikamente in verschiedene Abgabekategorien eingeteilt. [&hellip;]<\/p>","protected":false},"author":1678,"featured_media":0,"parent":0,"menu_order":0,"comment_status":"closed","ping_status":"closed","template":"","meta":{"_acf_changed":false,"_gspb_post_css":".gspb_container-id-gsbp-95bf95b,.gspb_container-id-gsbp-99c2e2d,.gspb_container-id-gsbp-9db88d6{flex-direction:column;box-sizing:border-box}#gspb_container-id-gsbp-95bf95b.gspb_container>p:last-of-type,#gspb_container-id-gsbp-99c2e2d.gspb_container>p:last-of-type,#gspb_container-id-gsbp-9db88d6.gspb_container>p:last-of-type{margin-bottom:0}#gspb_container-id-gsbp-99c2e2d.gspb_container{position:relative;display:flex;row-gap:25px;column-gap:25px}@media (max-width:991.98px){#gspb_container-id-gsbp-99c2e2d.gspb_container{flex-direction:column}}#gspb_container-id-gsbp-95bf95b.gspb_container,#gspb_container-id-gsbp-9db88d6.gspb_container{position:relative}body.gspb-bodyfront #gspb_container-id-gsbp-95bf95b.gspb_container,body.gspb-bodyfront #gspb_container-id-gsbp-9db88d6.gspb_container{flex-grow:1;flex-basis:0}","footnotes":""},"class_list":["post-2841","page","type-page","status-publish","hentry"],"blocksy_meta":[],"acf":[],"_links":{"self":[{"href":"https:\/\/online-apo-test.umana.ch\/fr\/wp-json\/wp\/v2\/pages\/2841","targetHints":{"allow":["GET"]}}],"collection":[{"href":"https:\/\/online-apo-test.umana.ch\/fr\/wp-json\/wp\/v2\/pages"}],"about":[{"href":"https:\/\/online-apo-test.umana.ch\/fr\/wp-json\/wp\/v2\/types\/page"}],"author":[{"embeddable":true,"href":"https:\/\/online-apo-test.umana.ch\/fr\/wp-json\/wp\/v2\/users\/1678"}],"replies":[{"embeddable":true,"href":"https:\/\/online-apo-test.umana.ch\/fr\/wp-json\/wp\/v2\/comments?post=2841"}],"version-history":[{"count":11,"href":"https:\/\/online-apo-test.umana.ch\/fr\/wp-json\/wp\/v2\/pages\/2841\/revisions"}],"predecessor-version":[{"id":138937,"href":"https:\/\/online-apo-test.umana.ch\/fr\/wp-json\/wp\/v2\/pages\/2841\/revisions\/138937"}],"wp:attachment":[{"href":"https:\/\/online-apo-test.umana.ch\/fr\/wp-json\/wp\/v2\/media?parent=2841"}],"curies":[{"name":"wp","href":"https:\/\/api.w.org\/{rel}","templated":true}]}}